{"id":1436,"date":"2020-08-10T14:39:19","date_gmt":"2020-08-10T14:39:19","guid":{"rendered":"https:\/\/bleamcreative.com\/epordouro\/huilles-dolive\/"},"modified":"2021-08-09T10:49:11","modified_gmt":"2021-08-09T10:49:11","slug":"huiles-dolive","status":"publish","type":"page","link":"https:\/\/www.epordouro.com\/fr\/huiles-dolive\/","title":{"rendered":"Huilles d&rsquo;olive"},"content":{"rendered":"\t\t<div data-elementor-type=\"wp-page\" data-elementor-id=\"1436\" class=\"elementor elementor-1436 elementor-850\" data-elementor-post-type=\"page\">\n\t\t\t\t\t\t<section class=\"elementor-section elementor-top-section elementor-element elementor-element-f676e31 elementor-section-height-min-height elementor-section-items-stretch elementor-section-content-middle elementor-section-boxed elementor-section-height-default\" data-id=\"f676e31\" data-element_type=\"section\" data-e-type=\"section\" data-settings=\"{&quot;background_background&quot;:&quot;classic&quot;}\">\n\t\t\t\t\t\t\t<div class=\"elementor-background-overlay\"><\/div>\n\t\t\t\t\t\t\t<div class=\"elementor-container elementor-column-gap-no\">\n\t\t\t\t\t<div class=\"elementor-column elementor-col-100 elementor-top-column elementor-element elementor-element-7e8188e\" data-id=\"7e8188e\" data-element_type=\"column\" data-e-type=\"column\">\n\t\t\t<div class=\"elementor-widget-wrap elementor-element-populated\">\n\t\t\t\t\t\t<section class=\"elementor-section elementor-inner-section elementor-element elementor-element-00bc76c elementor-section-full_width elementor-section-content-bottom elementor-hidden-phone elementor-section-height-default elementor-section-height-default\" data-id=\"00bc76c\" data-element_type=\"section\" data-e-type=\"section\">\n\t\t\t\t\t\t<div class=\"elementor-container elementor-column-gap-no\">\n\t\t\t\t\t<div class=\"elementor-column elementor-col-100 elementor-inner-column elementor-element elementor-element-09dedc6\" data-id=\"09dedc6\" data-element_type=\"column\" data-e-type=\"column\">\n\t\t\t<div class=\"elementor-widget-wrap elementor-element-populated\">\n\t\t\t\t\t\t<div class=\"elementor-element elementor-element-6e7ec28 elementor-widget elementor-widget-spacer\" data-id=\"6e7ec28\" data-element_type=\"widget\" data-e-type=\"widget\" data-widget_type=\"spacer.default\">\n\t\t\t\t\t\t\t<div class=\"elementor-spacer\">\n\t\t\t<div class=\"elementor-spacer-inner\"><\/div>\n\t\t<\/div>\n\t\t\t\t\t\t<\/div>\n\t\t\t\t\t<\/div>\n\t\t<\/div>\n\t\t\t\t\t<\/div>\n\t\t<\/section>\n\t\t\t\t<div class=\"elementor-element elementor-element-12bd2a5 elementor-widget elementor-widget-heading\" data-id=\"12bd2a5\" data-element_type=\"widget\" data-e-type=\"widget\" data-widget_type=\"heading.default\">\n\t\t\t\t\t<h2 class=\"elementor-heading-title elementor-size-default\">Huilles d'olive<\/h2>\t\t\t\t<\/div>\n\t\t\t\t<section class=\"elementor-section elementor-inner-section elementor-element elementor-element-d8344cb elementor-section-full_width elementor-section-content-bottom elementor-hidden-phone elementor-section-height-default elementor-section-height-default\" data-id=\"d8344cb\" data-element_type=\"section\" data-e-type=\"section\">\n\t\t\t\t\t\t<div class=\"elementor-container elementor-column-gap-no\">\n\t\t\t\t\t<div class=\"elementor-column elementor-col-100 elementor-inner-column elementor-element elementor-element-55eb625\" data-id=\"55eb625\" data-element_type=\"column\" data-e-type=\"column\">\n\t\t\t<div class=\"elementor-widget-wrap elementor-element-populated\">\n\t\t\t\t\t\t<div class=\"elementor-element elementor-element-df779ef elementor-hidden-phone elementor-view-default elementor-widget elementor-widget-icon\" data-id=\"df779ef\" data-element_type=\"widget\" data-e-type=\"widget\" data-widget_type=\"icon.default\">\n\t\t\t\t\t\t\t<div class=\"elementor-icon-wrapper\">\n\t\t\t<a class=\"elementor-icon\" href=\"#quintadopeto\">\n\t\t\t<svg xmlns=\"http:\/\/www.w3.org\/2000\/svg\" width=\"39\" height=\"39\" viewBox=\"0 0 39 39\"><g id=\"Grupo_65\" data-name=\"Grupo 65\" transform=\"translate(-1046.534 -4990.534)\"><g id=\"Grupo_60\" data-name=\"Grupo 60\" transform=\"translate(1071.563 5008.489) rotate(90)\"><path id=\"Caminho_141\" data-name=\"Caminho 141\" d=\"M0,0,5.313,6.16,0,11.671\" transform=\"translate(0 0)\" fill=\"none\" stroke=\"#fff\" stroke-width=\"2\"><\/path><\/g><g id=\"Elipse_18\" data-name=\"Elipse 18\" transform=\"translate(1046.534 4990.534)\" fill=\"none\" stroke=\"#fff\" stroke-width=\"2\"><circle cx=\"19.5\" cy=\"19.5\" r=\"19.5\" stroke=\"none\"><\/circle><circle cx=\"19.5\" cy=\"19.5\" r=\"18.5\" fill=\"none\"><\/circle><\/g><\/g><\/svg>\t\t\t<\/a>\n\t\t<\/div>\n\t\t\t\t\t\t<\/div>\n\t\t\t\t\t<\/div>\n\t\t<\/div>\n\t\t\t\t\t<\/div>\n\t\t<\/section>\n\t\t\t\t\t<\/div>\n\t\t<\/div>\n\t\t\t\t\t<\/div>\n\t\t<\/section>\n\t\t\t\t<section class=\"elementor-section elementor-top-section elementor-element elementor-element-b3fa36d elementor-section-full_width elementor-reverse-tablet elementor-reverse-mobile elementor-section-height-default elementor-section-height-default\" data-id=\"b3fa36d\" data-element_type=\"section\" data-e-type=\"section\">\n\t\t\t\t\t\t<div class=\"elementor-container elementor-column-gap-no\">\n\t\t\t\t\t<div class=\"elementor-column elementor-col-100 elementor-top-column elementor-element elementor-element-49697ea\" data-id=\"49697ea\" data-element_type=\"column\" data-e-type=\"column\">\n\t\t\t<div class=\"elementor-widget-wrap elementor-element-populated\">\n\t\t\t\t\t\t<div class=\"elementor-element elementor-element-b8d5627 elementor-widget elementor-widget-heading\" data-id=\"b8d5627\" data-element_type=\"widget\" data-e-type=\"widget\" data-widget_type=\"heading.default\">\n\t\t\t\t\t<h2 class=\"elementor-heading-title elementor-size-default\">Un ingr\u00e9dient essentiel<\/h2>\t\t\t\t<\/div>\n\t\t\t\t<div class=\"elementor-element elementor-element-400428e elementor-widget elementor-widget-text-editor\" data-id=\"400428e\" data-element_type=\"widget\" data-e-type=\"widget\" data-widget_type=\"text-editor.default\">\n\t\t\t\t\t\t\t\t\t<p>La synergie entre le vin et l&rsquo;huile, dans les terres du Douro, remonte \u00e0 un pass\u00e9 avec des traditions et des valeurs de culture de la terre profond\u00e9ment enracin\u00e9es dans ses habitants.<\/p>\n<p>La r\u00e9gion du Douro poss\u00e8de des caract\u00e9ristiques essentielles et particuli\u00e8res qui am\u00e9liorent la production de cet ingr\u00e9dient, essentiel dans le r\u00e9gime m\u00e9diterran\u00e9en. Des terres fertiles, un microclimat favorable et des sols \u00e0 pr\u00e9dominance schisteuse sont fondamentaux pour la culture des olives.<\/p>\n<p>C&rsquo;est dans le Douro que les huiles d&rsquo;olive sont obtenues avec un haut degr\u00e9 de qualit\u00e9, avec une bonne consistance, des couleurs plus fonc\u00e9es et des saveurs plus intenses.<\/p>\n\t\t\t\t\t\t\t\t<\/div>\n\t\t\t\t\t<\/div>\n\t\t<\/div>\n\t\t\t\t\t<\/div>\n\t\t<\/section>\n\t\t\t\t<section class=\"elementor-section elementor-top-section elementor-element elementor-element-fba8165 elementor-section-full_width elementor-reverse-mobile elementor-section-height-default elementor-section-height-default\" data-id=\"fba8165\" data-element_type=\"section\" data-e-type=\"section\" id=\"quintadopeto\">\n\t\t\t\t\t\t<div class=\"elementor-container elementor-column-gap-no\">\n\t\t\t\t\t<div class=\"elementor-column elementor-col-50 elementor-top-column elementor-element elementor-element-de4fddf\" data-id=\"de4fddf\" data-element_type=\"column\" data-e-type=\"column\">\n\t\t\t<div class=\"elementor-widget-wrap elementor-element-populated\">\n\t\t\t\t\t\t<div class=\"elementor-element elementor-element-c1c27b2 elementor-widget elementor-widget-heading\" data-id=\"c1c27b2\" data-element_type=\"widget\" data-e-type=\"widget\" data-widget_type=\"heading.default\">\n\t\t\t\t\t<h2 class=\"elementor-heading-title elementor-size-default\">QUINTA DO PETO<\/h2>\t\t\t\t<\/div>\n\t\t\t\t<div class=\"elementor-element elementor-element-c598575 elementor-widget elementor-widget-text-editor\" data-id=\"c598575\" data-element_type=\"widget\" data-e-type=\"widget\" data-widget_type=\"text-editor.default\">\n\t\t\t\t\t\t\t\t\t<p>Grande Escolha<\/p>\n\t\t\t\t\t\t\t\t<\/div>\n\t\t\t\t<div class=\"elementor-element elementor-element-7361ad5 elementor-widget elementor-widget-text-editor\" data-id=\"7361ad5\" data-element_type=\"widget\" data-e-type=\"widget\" data-widget_type=\"text-editor.default\">\n\t\t\t\t\t\t\t\t\t<p>\u00abQuinta do Peto &#8211; Grande Escolha\u00bb est une huile d\u2019olive tr\u00e8s fruit\u00e9e et fra\u00eeche, tant au nez qu\u2019en bouche.<\/p>\n<p>Ses caract\u00e9ristiques sont le fort ar\u00f4me d&rsquo;olives fra\u00eeches, d&rsquo;herbes et de tomates. En bouche, il pr\u00e9sente une \u00e9pic\u00e9e exub\u00e9rante et persistante, avec une note de feuilles d&rsquo;olivier et de fruits secs, ayant une finale harmonieuse et longue.<\/p>\n\t\t\t\t\t\t\t\t<\/div>\n\t\t\t\t<div class=\"elementor-element elementor-element-cd9e40e elementor-align-left elementor-tablet-align-left elementor-widget__width-auto elementor-widget elementor-widget-button\" data-id=\"cd9e40e\" data-element_type=\"widget\" data-e-type=\"widget\" data-widget_type=\"button.default\">\n\t\t\t\t\t\t\t\t\t\t<a class=\"elementor-button elementor-button-link elementor-size-sm\" href=\"https:\/\/www.epordouro.com\/fr\/produit\/quinta-do-peto-grande-escolha\/\">\n\t\t\t\t\t\t<span class=\"elementor-button-content-wrapper\">\n\t\t\t\t\t\t\t\t\t<span class=\"elementor-button-text\">Plus d'infos<\/span>\n\t\t\t\t\t<\/span>\n\t\t\t\t\t<\/a>\n\t\t\t\t\t\t\t\t<\/div>\n\t\t\t\t\t<\/div>\n\t\t<\/div>\n\t\t\t\t<div class=\"elementor-column elementor-col-50 elementor-top-column elementor-element elementor-element-c7a2d37\" data-id=\"c7a2d37\" data-element_type=\"column\" data-e-type=\"column\">\n\t\t\t<div class=\"elementor-widget-wrap elementor-element-populated\">\n\t\t\t\t\t\t<div class=\"elementor-element elementor-element-e8bc1db elementor-widget elementor-widget-image\" data-id=\"e8bc1db\" data-element_type=\"widget\" data-e-type=\"widget\" data-widget_type=\"image.default\">\n\t\t\t\t\t\t\t\t\t\t\t\t\t\t\t<img fetchpriority=\"high\" decoding=\"async\" width=\"1000\" height=\"1378\" src=\"data:image\/gif;base64,R0lGODlhAQABAIAAAAAAAP\/\/\/yH5BAEAAAAALAAAAAABAAEAAAIBRAA7\" data-src=\"https:\/\/www.epordouro.com\/wp-content\/uploads\/2020\/07\/epordouro-azeite-quinta-do-peto.png\" class=\"attachment-full size-full wp-image-3738 lazyload\" alt=\"\" data-srcset=\"https:\/\/www.epordouro.com\/wp-content\/uploads\/2020\/07\/epordouro-azeite-quinta-do-peto.png 1000w, https:\/\/www.epordouro.com\/wp-content\/uploads\/2020\/07\/epordouro-azeite-quinta-do-peto-800x1102.png 800w, https:\/\/www.epordouro.com\/wp-content\/uploads\/2020\/07\/epordouro-azeite-quinta-do-peto-218x300.png 218w, https:\/\/www.epordouro.com\/wp-content\/uploads\/2020\/07\/epordouro-azeite-quinta-do-peto-743x1024.png 743w, https:\/\/www.epordouro.com\/wp-content\/uploads\/2020\/07\/epordouro-azeite-quinta-do-peto-768x1058.png 768w\" sizes=\"(max-width: 1000px) 100vw, 1000px\" \/><noscript><img decoding=\"async\" width=\"1000\" height=\"1378\" src=\"https:\/\/www.epordouro.com\/wp-content\/uploads\/2020\/07\/epordouro-azeite-quinta-do-peto.png\" class=\"attachment-full size-full wp-image-3738 lazyload\" alt=\"\" srcset=\"https:\/\/www.epordouro.com\/wp-content\/uploads\/2020\/07\/epordouro-azeite-quinta-do-peto.png 1000w, https:\/\/www.epordouro.com\/wp-content\/uploads\/2020\/07\/epordouro-azeite-quinta-do-peto-800x1102.png 800w, https:\/\/www.epordouro.com\/wp-content\/uploads\/2020\/07\/epordouro-azeite-quinta-do-peto-218x300.png 218w, https:\/\/www.epordouro.com\/wp-content\/uploads\/2020\/07\/epordouro-azeite-quinta-do-peto-743x1024.png 743w, https:\/\/www.epordouro.com\/wp-content\/uploads\/2020\/07\/epordouro-azeite-quinta-do-peto-768x1058.png 768w\" sizes=\"(max-width: 1000px) 100vw, 1000px\" \/><\/noscript>\t\t\t\t\t\t\t\t\t\t\t\t\t\t\t<\/div>\n\t\t\t\t\t<\/div>\n\t\t<\/div>\n\t\t\t\t\t<\/div>\n\t\t<\/section>\n\t\t\t\t<section class=\"elementor-section elementor-top-section elementor-element elementor-element-a5672ae elementor-section-full_width elementor-section-height-default elementor-section-height-default\" data-id=\"a5672ae\" data-element_type=\"section\" data-e-type=\"section\">\n\t\t\t\t\t\t<div class=\"elementor-container elementor-column-gap-no\">\n\t\t\t\t\t<div class=\"elementor-column elementor-col-50 elementor-top-column elementor-element elementor-element-94f6b70\" data-id=\"94f6b70\" data-element_type=\"column\" data-e-type=\"column\">\n\t\t\t<div class=\"elementor-widget-wrap elementor-element-populated\">\n\t\t\t\t\t\t<div class=\"elementor-element elementor-element-6260d71 elementor-widget elementor-widget-image\" data-id=\"6260d71\" data-element_type=\"widget\" data-e-type=\"widget\" data-widget_type=\"image.default\">\n\t\t\t\t\t\t\t\t\t\t\t\t\t\t\t<img decoding=\"async\" width=\"1000\" height=\"1378\" src=\"data:image\/gif;base64,R0lGODlhAQABAIAAAAAAAP\/\/\/yH5BAEAAAAALAAAAAABAAEAAAIBRAA7\" data-src=\"https:\/\/www.epordouro.com\/wp-content\/uploads\/2020\/07\/epordouro-azeite-nordouro.png\" class=\"attachment-full size-full wp-image-3741 lazyload\" alt=\"\" data-srcset=\"https:\/\/www.epordouro.com\/wp-content\/uploads\/2020\/07\/epordouro-azeite-nordouro.png 1000w, https:\/\/www.epordouro.com\/wp-content\/uploads\/2020\/07\/epordouro-azeite-nordouro-800x1102.png 800w, https:\/\/www.epordouro.com\/wp-content\/uploads\/2020\/07\/epordouro-azeite-nordouro-218x300.png 218w, https:\/\/www.epordouro.com\/wp-content\/uploads\/2020\/07\/epordouro-azeite-nordouro-743x1024.png 743w, https:\/\/www.epordouro.com\/wp-content\/uploads\/2020\/07\/epordouro-azeite-nordouro-768x1058.png 768w\" sizes=\"(max-width: 1000px) 100vw, 1000px\" \/><noscript><img loading=\"lazy\" decoding=\"async\" width=\"1000\" height=\"1378\" src=\"https:\/\/www.epordouro.com\/wp-content\/uploads\/2020\/07\/epordouro-azeite-nordouro.png\" class=\"attachment-full size-full wp-image-3741 lazyload\" alt=\"\" srcset=\"https:\/\/www.epordouro.com\/wp-content\/uploads\/2020\/07\/epordouro-azeite-nordouro.png 1000w, https:\/\/www.epordouro.com\/wp-content\/uploads\/2020\/07\/epordouro-azeite-nordouro-800x1102.png 800w, https:\/\/www.epordouro.com\/wp-content\/uploads\/2020\/07\/epordouro-azeite-nordouro-218x300.png 218w, https:\/\/www.epordouro.com\/wp-content\/uploads\/2020\/07\/epordouro-azeite-nordouro-743x1024.png 743w, https:\/\/www.epordouro.com\/wp-content\/uploads\/2020\/07\/epordouro-azeite-nordouro-768x1058.png 768w\" sizes=\"(max-width: 1000px) 100vw, 1000px\" \/><\/noscript>\t\t\t\t\t\t\t\t\t\t\t\t\t\t\t<\/div>\n\t\t\t\t\t<\/div>\n\t\t<\/div>\n\t\t\t\t<div class=\"elementor-column elementor-col-50 elementor-top-column elementor-element elementor-element-4ff870a\" data-id=\"4ff870a\" data-element_type=\"column\" data-e-type=\"column\">\n\t\t\t<div class=\"elementor-widget-wrap elementor-element-populated\">\n\t\t\t\t\t\t<div class=\"elementor-element elementor-element-60ab33e elementor-widget elementor-widget-heading\" data-id=\"60ab33e\" data-element_type=\"widget\" data-e-type=\"widget\" data-widget_type=\"heading.default\">\n\t\t\t\t\t<h2 class=\"elementor-heading-title elementor-size-default\">NORDOURO<\/h2>\t\t\t\t<\/div>\n\t\t\t\t<div class=\"elementor-element elementor-element-415815b elementor-widget elementor-widget-text-editor\" data-id=\"415815b\" data-element_type=\"widget\" data-e-type=\"widget\" data-widget_type=\"text-editor.default\">\n\t\t\t\t\t\t\t\t\t<p>Vendange tardive<\/p>\n\t\t\t\t\t\t\t\t<\/div>\n\t\t\t\t<div class=\"elementor-element elementor-element-eaa4682 elementor-widget elementor-widget-text-editor\" data-id=\"eaa4682\" data-element_type=\"widget\" data-e-type=\"widget\" data-widget_type=\"text-editor.default\">\n\t\t\t\t\t\t\t\t\t<p>Huile d&rsquo;olive d\u00e9licate, 100% pure, de qualit\u00e9 sup\u00e9rieure, obtenue uniquement par des proc\u00e9d\u00e9s m\u00e9caniques dans un moulin avec les technologies les plus avanc\u00e9es et extraite \u00e0 froid directement des olives des oliveraies traditionnelles du Douro.<\/p>\n\t\t\t\t\t\t\t\t<\/div>\n\t\t\t\t<div class=\"elementor-element elementor-element-45f3b39 elementor-align-left elementor-tablet-align-left elementor-widget__width-auto elementor-widget elementor-widget-button\" data-id=\"45f3b39\" data-element_type=\"widget\" data-e-type=\"widget\" data-widget_type=\"button.default\">\n\t\t\t\t\t\t\t\t\t\t<a class=\"elementor-button elementor-button-link elementor-size-sm\" href=\"https:\/\/www.epordouro.com\/fr\/produit\/nordouro-vendange-tardive\/\">\n\t\t\t\t\t\t<span class=\"elementor-button-content-wrapper\">\n\t\t\t\t\t\t\t\t\t<span class=\"elementor-button-text\">Plus d'infos<\/span>\n\t\t\t\t\t<\/span>\n\t\t\t\t\t<\/a>\n\t\t\t\t\t\t\t\t<\/div>\n\t\t\t\t\t<\/div>\n\t\t<\/div>\n\t\t\t\t\t<\/div>\n\t\t<\/section>\n\t\t\t\t<section class=\"elementor-section elementor-top-section elementor-element elementor-element-0a10c45 elementor-section-full_width elementor-reverse-mobile elementor-section-height-default elementor-section-height-default\" data-id=\"0a10c45\" data-element_type=\"section\" data-e-type=\"section\">\n\t\t\t\t\t\t<div class=\"elementor-container elementor-column-gap-no\">\n\t\t\t\t\t<div class=\"elementor-column elementor-col-50 elementor-top-column elementor-element elementor-element-ca1cfb0\" data-id=\"ca1cfb0\" data-element_type=\"column\" data-e-type=\"column\">\n\t\t\t<div class=\"elementor-widget-wrap elementor-element-populated\">\n\t\t\t\t\t\t<div class=\"elementor-element elementor-element-4401b35 elementor-widget elementor-widget-heading\" data-id=\"4401b35\" data-element_type=\"widget\" data-e-type=\"widget\" data-widget_type=\"heading.default\">\n\t\t\t\t\t<h2 class=\"elementor-heading-title elementor-size-default\">SOLAR DOS DRAGOS<\/h2>\t\t\t\t<\/div>\n\t\t\t\t<div class=\"elementor-element elementor-element-0f25dad elementor-widget elementor-widget-text-editor\" data-id=\"0f25dad\" data-element_type=\"widget\" data-e-type=\"widget\" data-widget_type=\"text-editor.default\">\n\t\t\t\t\t\t\t\t\t<p>Cl\u00e1ssico<\/p>\n\t\t\t\t\t\t\t\t<\/div>\n\t\t\t\t<div class=\"elementor-element elementor-element-ff0cd76 elementor-widget elementor-widget-text-editor\" data-id=\"ff0cd76\" data-element_type=\"widget\" data-e-type=\"widget\" data-widget_type=\"text-editor.default\">\n\t\t\t\t\t\t\t\t\t<p>Cette huile d&rsquo;olive classique a \u00e9t\u00e9 obtenue \u00e0 partir de notre oliveraie traditionnelle. Il est typique de la vall\u00e9e du Douro qui entoure les vignobles, servant de compl\u00e9ment au vin.<\/p>\n\t\t\t\t\t\t\t\t<\/div>\n\t\t\t\t<div class=\"elementor-element elementor-element-50ab1da elementor-align-left elementor-tablet-align-left elementor-widget__width-auto elementor-widget elementor-widget-button\" data-id=\"50ab1da\" data-element_type=\"widget\" data-e-type=\"widget\" data-widget_type=\"button.default\">\n\t\t\t\t\t\t\t\t\t\t<a class=\"elementor-button elementor-button-link elementor-size-sm\" href=\"https:\/\/www.epordouro.com\/fr\/produit\/solar-dos-dragos-classique\/\">\n\t\t\t\t\t\t<span class=\"elementor-button-content-wrapper\">\n\t\t\t\t\t\t\t\t\t<span class=\"elementor-button-text\">Plus d'infos<\/span>\n\t\t\t\t\t<\/span>\n\t\t\t\t\t<\/a>\n\t\t\t\t\t\t\t\t<\/div>\n\t\t\t\t\t<\/div>\n\t\t<\/div>\n\t\t\t\t<div class=\"elementor-column elementor-col-50 elementor-top-column elementor-element elementor-element-f143ebe\" data-id=\"f143ebe\" data-element_type=\"column\" data-e-type=\"column\">\n\t\t\t<div class=\"elementor-widget-wrap elementor-element-populated\">\n\t\t\t\t\t\t<div class=\"elementor-element elementor-element-7c858ba elementor-widget elementor-widget-image\" data-id=\"7c858ba\" data-element_type=\"widget\" data-e-type=\"widget\" data-widget_type=\"image.default\">\n\t\t\t\t\t\t\t\t\t\t\t\t\t\t\t<img loading=\"lazy\" decoding=\"async\" width=\"1000\" height=\"1378\" src=\"data:image\/gif;base64,R0lGODlhAQABAIAAAAAAAP\/\/\/yH5BAEAAAAALAAAAAABAAEAAAIBRAA7\" data-src=\"https:\/\/www.epordouro.com\/wp-content\/uploads\/2020\/08\/eporoduro-azeite-solar-dos-dragos.png\" class=\"attachment-full size-full wp-image-3735 lazyload\" alt=\"\" data-srcset=\"https:\/\/www.epordouro.com\/wp-content\/uploads\/2020\/08\/eporoduro-azeite-solar-dos-dragos.png 1000w, https:\/\/www.epordouro.com\/wp-content\/uploads\/2020\/08\/eporoduro-azeite-solar-dos-dragos-800x1102.png 800w, https:\/\/www.epordouro.com\/wp-content\/uploads\/2020\/08\/eporoduro-azeite-solar-dos-dragos-218x300.png 218w, https:\/\/www.epordouro.com\/wp-content\/uploads\/2020\/08\/eporoduro-azeite-solar-dos-dragos-743x1024.png 743w, https:\/\/www.epordouro.com\/wp-content\/uploads\/2020\/08\/eporoduro-azeite-solar-dos-dragos-768x1058.png 768w\" sizes=\"(max-width: 1000px) 100vw, 1000px\" \/><noscript><img loading=\"lazy\" decoding=\"async\" width=\"1000\" height=\"1378\" src=\"https:\/\/www.epordouro.com\/wp-content\/uploads\/2020\/08\/eporoduro-azeite-solar-dos-dragos.png\" class=\"attachment-full size-full wp-image-3735 lazyload\" alt=\"\" srcset=\"https:\/\/www.epordouro.com\/wp-content\/uploads\/2020\/08\/eporoduro-azeite-solar-dos-dragos.png 1000w, https:\/\/www.epordouro.com\/wp-content\/uploads\/2020\/08\/eporoduro-azeite-solar-dos-dragos-800x1102.png 800w, https:\/\/www.epordouro.com\/wp-content\/uploads\/2020\/08\/eporoduro-azeite-solar-dos-dragos-218x300.png 218w, https:\/\/www.epordouro.com\/wp-content\/uploads\/2020\/08\/eporoduro-azeite-solar-dos-dragos-743x1024.png 743w, https:\/\/www.epordouro.com\/wp-content\/uploads\/2020\/08\/eporoduro-azeite-solar-dos-dragos-768x1058.png 768w\" sizes=\"(max-width: 1000px) 100vw, 1000px\" \/><\/noscript>\t\t\t\t\t\t\t\t\t\t\t\t\t\t\t<\/div>\n\t\t\t\t\t<\/div>\n\t\t<\/div>\n\t\t\t\t\t<\/div>\n\t\t<\/section>\n\t\t\t\t<section class=\"elementor-section elementor-top-section elementor-element elementor-element-d82daff elementor-section-full_width elementor-reverse-tablet elementor-reverse-mobile elementor-section-height-min-height elementor-section-height-default elementor-section-items-middle\" data-id=\"d82daff\" data-element_type=\"section\" data-e-type=\"section\" data-settings=\"{&quot;background_background&quot;:&quot;classic&quot;}\">\n\t\t\t\t\t\t<div class=\"elementor-container elementor-column-gap-no\">\n\t\t\t\t\t<div class=\"elementor-column elementor-col-100 elementor-top-column elementor-element elementor-element-c2441ab\" data-id=\"c2441ab\" data-element_type=\"column\" data-e-type=\"column\">\n\t\t\t<div class=\"elementor-widget-wrap\">\n\t\t\t\t\t\t\t<\/div>\n\t\t<\/div>\n\t\t\t\t\t<\/div>\n\t\t<\/section>\n\t\t\t\t<section class=\"elementor-section elementor-top-section elementor-element elementor-element-a574e5d elementor-section-full_width elementor-reverse-tablet elementor-reverse-mobile elementor-section-height-default elementor-section-height-default\" data-id=\"a574e5d\" data-element_type=\"section\" data-e-type=\"section\">\n\t\t\t\t\t\t<div class=\"elementor-container elementor-column-gap-no\">\n\t\t\t\t\t<div class=\"elementor-column elementor-col-100 elementor-top-column elementor-element elementor-element-3a13cde\" data-id=\"3a13cde\" data-element_type=\"column\" data-e-type=\"column\">\n\t\t\t<div class=\"elementor-widget-wrap elementor-element-populated\">\n\t\t\t\t\t\t<div class=\"elementor-element elementor-element-0e3b912 elementor-widget elementor-widget-heading\" data-id=\"0e3b912\" data-element_type=\"widget\" data-e-type=\"widget\" data-widget_type=\"heading.default\">\n\t\t\t\t\t<h2 class=\"elementor-heading-title elementor-size-default\">Climat<\/h2>\t\t\t\t<\/div>\n\t\t\t\t<div class=\"elementor-element elementor-element-3a5aa61 elementor-widget elementor-widget-text-editor\" data-id=\"3a5aa61\" data-element_type=\"widget\" data-e-type=\"widget\" data-widget_type=\"text-editor.default\">\n\t\t\t\t\t\t\t\t\t<p>En remontant le fleuve Douro, nous entrons dans la sous-r\u00e9gion de Cima-Corgo, o\u00f9 le climat de type m\u00e9diterran\u00e9en est plus sec et avec peu de pr\u00e9cipitations, ce qui entra\u00eene une baisse du rendement en raisin.<\/p>\n<p>Cependant, ces caract\u00e9ristiques et la plus grande concentration de vignobles historiques de haute qualit\u00e9 dans cette sous-r\u00e9gion, permettent de produire des vins avec une structure et une complexit\u00e9 uniques, plus concentr\u00e9s et avec un plus grand potentiel de vieillissement.<\/p>\n\t\t\t\t\t\t\t\t<\/div>\n\t\t\t\t\t<\/div>\n\t\t<\/div>\n\t\t\t\t\t<\/div>\n\t\t<\/section>\n\t\t\t\t<\/div>\n\t\t","protected":false},"excerpt":{"rendered":"<p>Huilles d&rsquo;olive Un ingr\u00e9dient essentiel La synergie entre le vin et l&rsquo;huile, dans les terres du Douro, remonte \u00e0 un pass\u00e9 avec des traditions et des valeurs de culture de la terre profond\u00e9ment enracin\u00e9es dans ses habitants. La r\u00e9gion du Douro poss\u00e8de des caract\u00e9ristiques essentielles et particuli\u00e8res qui am\u00e9liorent la production de cet ingr\u00e9dient, essentiel [&hellip;]<\/p>\n","protected":false},"author":1,"featured_media":0,"parent":0,"menu_order":0,"comment_status":"closed","ping_status":"closed","template":"","meta":{"footnotes":""},"class_list":["post-1436","page","type-page","status-publish","hentry"],"_links":{"self":[{"href":"https:\/\/www.epordouro.com\/fr\/wp-json\/wp\/v2\/pages\/1436","targetHints":{"allow":["GET"]}}],"collection":[{"href":"https:\/\/www.epordouro.com\/fr\/wp-json\/wp\/v2\/pages"}],"about":[{"href":"https:\/\/www.epordouro.com\/fr\/wp-json\/wp\/v2\/types\/page"}],"author":[{"embeddable":true,"href":"https:\/\/www.epordouro.com\/fr\/wp-json\/wp\/v2\/users\/1"}],"replies":[{"embeddable":true,"href":"https:\/\/www.epordouro.com\/fr\/wp-json\/wp\/v2\/comments?post=1436"}],"version-history":[{"count":0,"href":"https:\/\/www.epordouro.com\/fr\/wp-json\/wp\/v2\/pages\/1436\/revisions"}],"wp:attachment":[{"href":"https:\/\/www.epordouro.com\/fr\/wp-json\/wp\/v2\/media?parent=1436"}],"curies":[{"name":"wp","href":"https:\/\/api.w.org\/{rel}","templated":true}]}}