{"id":1738,"date":"2020-08-12T14:10:01","date_gmt":"2020-08-12T14:10:01","guid":{"rendered":"https:\/\/bleamcreative.com\/epordouro\/politica-de-privacidade\/"},"modified":"2022-11-25T23:16:12","modified_gmt":"2022-11-25T23:16:12","slug":"politique-de-confidentialite","status":"publish","type":"page","link":"https:\/\/www.epordouro.com\/fr\/politique-de-confidentialite\/","title":{"rendered":"Politique de Confidentialit\u00e9"},"content":{"rendered":"\t\t<div data-elementor-type=\"wp-page\" data-elementor-id=\"1738\" class=\"elementor elementor-1738 elementor-3\" data-elementor-post-type=\"page\">\n\t\t\t\t\t\t<section class=\"elementor-section elementor-top-section elementor-element elementor-element-2cb6d569 elementor-section-boxed elementor-section-height-default elementor-section-height-default\" data-id=\"2cb6d569\" data-element_type=\"section\" data-e-type=\"section\">\n\t\t\t\t\t\t<div class=\"elementor-container elementor-column-gap-default\">\n\t\t\t\t\t<div class=\"elementor-column elementor-col-100 elementor-top-column elementor-element elementor-element-1b584808\" data-id=\"1b584808\" data-element_type=\"column\" data-e-type=\"column\">\n\t\t\t<div class=\"elementor-widget-wrap elementor-element-populated\">\n\t\t\t\t\t\t<div class=\"elementor-element elementor-element-cf7ad0a elementor-widget elementor-widget-text-editor\" data-id=\"cf7ad0a\" data-element_type=\"widget\" data-e-type=\"widget\" data-widget_type=\"text-editor.default\">\n\t\t\t\t\t\t\t\t\t<h1>Politique de Confidentialit\u00e9<\/h1>\n<h2><strong>Qui sommes nous<\/strong><\/h2>\n<p>Epordouro \u2013 Vinhos e Azeites do Douro, S.A., NIF 504026500, situe dans la Zona Industrial de Sabrosa, N\u00ba 21 5060-361 Sabrosa, ci-apr\u00e8s d\u00e9nomm\u00e9 Epordouro<\/p>\n<p>Notre adresse de site Web est: https:\/\/www.epordouro.com<\/p>\n<p>Vous pouvez nous contacter via les contacts:<\/p>\n<ul>\n<li>Email: geral@epordouro.com<\/li>\n<li>T\u00e9l\u00e9phone: +351 969 272 816 (Co\u00fbt d&rsquo;un appel vers le r\u00e9seau fixe national)<\/li>\n<\/ul>\n<p>Nous nous engageons \u00e0 prot\u00e9ger vos donn\u00e9es personnelles. En cons\u00e9quence, nous avons d\u00e9velopp\u00e9 cette politique, qui sous-tend notre engagement \u00e0 respecter les r\u00e8gles de protection des donn\u00e9es personnelles. De plus, nous avons pris les mesures appropri\u00e9es pour assurer l\u2019int\u00e9grit\u00e9 et la confidentialit\u00e9 de vos donn\u00e9es, ainsi que tous les autres droits qui vous assistent.<\/p>\n<p><\/p>\n<h2><strong>Quelles donn\u00e9es personnelles sont collect\u00e9es et comment sont-elles collect\u00e9es?<\/strong><\/h2>\n<h3><strong>Achat (s) et enregistrement des utilisateurs<\/strong><\/h3>\n<p>Lors d&rsquo;un achat sur notre site Web, \u00e0 l&rsquo;adresse www.epordouro.com, nous demandons des donn\u00e9es personnelles telles que le nom complet, l&rsquo;adresse, le NIF, l&rsquo;adresse e-mail et le t\u00e9l\u00e9phone. Ces donn\u00e9es sont indispensables pour que nous puissions vous contacter afin de vous fournir des informations sur votre commande et proc\u00e9der \u00e0 votre livraison \u00e0 domicile.<\/p>\n<p>Selon le type de paiement choisi pour l&rsquo;achat de produits, il peut vous \u00eatre demand\u00e9 de fournir des donn\u00e9es relatives \u00e0 votre carte bancaire ou \u00e0 vos comptes utilisateurs pour des services tiers tels que MB Way ou Paypal. Ces donn\u00e9es sont essentielles pour effectuer le paiement par cette voie.<\/p>\n<p>Afin d&rsquo;\u00e9viter la fourniture r\u00e9p\u00e9t\u00e9e de ces informations \u00e0 chaque commande, l&rsquo;utilisateur peut s&rsquo;inscrire sur notre site Web. De cette fa\u00e7on, un mot de passe (que vous pouvez personnaliser) vous sera attribu\u00e9, associ\u00e9 \u00e0 votre e-mail, avec lequel vous pourrez entrer votre zone r\u00e9serv\u00e9e sur notre site Web et passer plus facilement \u00e0 la commande de produits.<\/p>\n<p>Les donn\u00e9es collect\u00e9es ne sont utilis\u00e9es qu&rsquo;\u00e0 des fins de confirmation, d&rsquo;envoi de commande et de demande d&rsquo;informations compl\u00e9mentaires et \/ ou de clarification les concernant.<\/p>\n<h3><strong>Bulletin<\/strong><\/h3>\n<p>Lorsque vous demandez \u00e0 vous abonner \u00e0 notre newsletter, votre adresse e-mail est collect\u00e9e, que nous utilisons pour vous envoyer, \u00e0 votre demande, des informations promotionnelles et marketing sur Epordouro. Les donn\u00e9es seront conserv\u00e9es jusqu&rsquo;\u00e0 ce que le contraire se manifeste par les moyens et contacts fournis.<\/p>\n<h3><strong>Formulaire de contact<\/strong><\/h3>\n<p>Lorsque vous nous contactez via le formulaire de contact fourni sur notre site Web, pour demander un devis, nous collectons et enregistrons vos donn\u00e9es personnelles dans le but de fournir le service ou les informations demand\u00e9s. Les donn\u00e9es collect\u00e9es dans ce formulaire sont: nom complet, entreprise, email et t\u00e9l\u00e9phone.<\/p>\n<h3><strong>E-mails<\/strong><\/h3>\n<p>Lorsque vous nous contactez par e-mail, nous collectons votre adresse e-mail et votre nom afin de pouvoir r\u00e9pondre directement \u00e0 votre communication.<\/p>\n<p>Ces donn\u00e9es sont conserv\u00e9es pendant 1 mois, en vue du support client li\u00e9 aux commandes ou aux probl\u00e8mes techniques li\u00e9s \u00e0 l&rsquo;utilisation du site. Contact t\u00e9l\u00e9phonique.<\/p>\n<h3><strong>Contact t\u00e9l\u00e9phonique<\/strong><\/h3>\n<p>Lorsque vous nous contactez par t\u00e9l\u00e9phone, nous pouvons collecter votre num\u00e9ro de t\u00e9l\u00e9phone, au cas o\u00f9 nous aurions besoin de vous recontacter, concernant les informations ou les services \u00e0 fournir.<\/p>\n<p>Si vous passez une commande via nos contacts t\u00e9l\u00e9phoniques, nous pouvons vous demander les informations suivantes: nom complet, adresse, num\u00e9ro TVA, adresse e-mail et num\u00e9ro de t\u00e9l\u00e9phone.<\/p>\n<p>Les donn\u00e9es collect\u00e9es sont utilis\u00e9es uniquement dans le but de passer des commandes et de demander des informations compl\u00e9mentaires et \/ ou d&rsquo;apporter des pr\u00e9cisions les concernant.<\/p>\n<p>Ces donn\u00e9es sont conserv\u00e9es pendant 1 mois, en vue du support client li\u00e9 aux commandes ou aux probl\u00e8mes techniques li\u00e9s \u00e0 l&rsquo;utilisation du site.<\/p>\n<h2><strong>Contenu incorpor\u00e9 d\u2019autres sites<\/strong><\/h2>\n<p>Les articles sur ce site peuvent inclure du contenu incorpor\u00e9 (par exemple, des vid\u00e9os, des images, des articles, etc.). Le contenu int\u00e9gr\u00e9 sur d\u2019autres sites se comporte comme si vous aviez visit\u00e9 ces sites.<\/p>\n<p>Ces sites peuvent collecter des donn\u00e9es \u00e0 votre sujet, utiliser des cookies, incorporer un suivi tiers, surveiller vos interactions avec eux, y compris enregistrer des interactions avec du contenu incorpor\u00e9 si vous poss\u00e9dez un compte et \u00eates connect\u00e9 \u00e0 ce site.<\/p>\n<p><\/p>\n<h2><strong>Liens vers d\u2019autres sites<\/strong><\/h2>\n<p>Notre site Web \u00e0 l\u2019adresse www.epordouro.com peut inclure des liens permettant d\u2019acc\u00e9der \u00e0 d\u2019autres sites Web non li\u00e9s \u00e0 Epordouro. La fourniture de ces liens est faite de bonne foi et Epordouro ne peut \u00eatre tenu responsable de la collecte et du traitement de donn\u00e9es \u00e0 caract\u00e8re personnel effectu\u00e9es par l\u2019interm\u00e9diaire de tels sites Web, ni assumer aucune responsabilit\u00e9 quant \u00e0 ces sites, notamment en ce qui concerne leur exactitude, leur cr\u00e9dibilit\u00e9 et leurs fonctionnalit\u00e9s.<\/p>\n<p><\/p>\n<h2><strong>Cookies<\/strong><\/h2>\n<p>Les \u00abcookies\u00bb sont de petites balises logicielles qui sont stock\u00e9es sur l&rsquo;ordinateur via le navigateur (navigateur), ne conservant que les informations relatives aux pr\u00e9f\u00e9rences, \u00e0 l&rsquo;exclusion, en tant que telles, des donn\u00e9es personnelles.<\/p>\n<p>Afin d&rsquo;adapter la langue d&rsquo;affichage du site \u00e0 la langue de l&rsquo;utilisateur, nous utilisons les cookies \u00ab\u00a0_icl_visitor_lang_js\u00a0\u00bb, \u00ab\u00a0wp-wpml_current_language\u00a0\u00bb et \u00ab\u00a0wpml_browser_redirect_test\u00a0\u00bb. Ces cookies sont uniquement destin\u00e9s \u00e0 d\u00e9tecter la langue du syst\u00e8me de navigation de l&rsquo;utilisateur et \u00e0 adapter la langue d&rsquo;affichage du site. Ces cookies sont stock\u00e9s pendant une journ\u00e9e.<\/p>\n<p>Notre site Web utilise \u00e9galement les cookies suivants \u00e0 des fins de gestion des commandes:<\/p>\n<p>woocommerce_cart_hash et woocommerce_items_in_cart &#8211; nous aident \u00e0 comprendre quand le contenu \/ les donn\u00e9es du panier changent.<\/p>\n<p>woocommerce_recently_viewed &#8211; aide l&rsquo;utilisateur \u00e0 voir le widget Produits r\u00e9cemment consult\u00e9s<\/p>\n<p>store_notice [ID de l&rsquo;avis] &#8211; permet aux clients de supprimer l&rsquo;avis initial du magasin.<\/p>\n<p>Ces cookies sont stock\u00e9s pendant que vous naviguez sur notre site.<\/p>\n<p>wp_woocommerce_session_ &#8211; contient un code unique pour chaque client, afin que nous sachions o\u00f9 trouver vos donn\u00e9es de commande dans la base de donn\u00e9es.<\/p>\n<p>Ce cookie est stock\u00e9 pendant deux jours.<\/p>\n<p><strong>&nbsp;<\/strong><\/p>\n<h2><strong>Comment pouvez-vous g\u00e9rer les cookies?<\/strong><\/h2>\n<p>Tous les navigateurs permettent \u00e0 l\u2019utilisateur d\u2019accepter, de refuser ou de supprimer les cookies, et l\u2019informent \u00e9galement chaque fois qu\u2019un cookie est re\u00e7u, notamment en s\u00e9lectionnant les param\u00e8tres appropri\u00e9s dans leur navigateur. Vous pouvez d\u00e9finir des cookies dans le menu \u00ab&nbsp;Options&nbsp;\u00bb ou \u00ab&nbsp;Pr\u00e9f\u00e9rences&nbsp;\u00bb de votre navigateur.<\/p>\n<p>Notez cependant que la d\u00e9sactivation des cookies peut emp\u00eacher certains services Web de fonctionner correctement, affectant partiellement ou totalement la navigation sur le site.<\/p>\n<h2><strong>Comment vos donn\u00e9es sont trait\u00e9es<\/strong><\/h2>\n<p>Le traitement de donn\u00e9es \u00e0 caract\u00e8re personnel consiste en une op\u00e9ration ou un ensemble d\u2019op\u00e9rations effectu\u00e9es sur des donn\u00e9es \u00e0 caract\u00e8re personnel ou des ensembles de donn\u00e9es \u00e0 caract\u00e8re personnel, de mani\u00e8re automatis\u00e9e ou non, \u00e0 savoir la collecte, l\u2019enregistrement, l\u2019organisation, la structuration, la conservation, l\u2019adaptation, r\u00e9cup\u00e9ration, consultation, utilisation, divulgation, diffusion, comparaison, interconnexion, limitation, suppression ou destruction.<\/p>\n<p>Epordouro s\u2019engage \u00e0 garantir dans tous les cas le strict respect de la l\u00e9gislation en mati\u00e8re de protection des donn\u00e9es \u00e0 caract\u00e8re personnel, stock\u00e9e dans des bases de donn\u00e9es sp\u00e9cifiques cr\u00e9\u00e9es \u00e0 cet effet. Les donn\u00e9es collect\u00e9es ne seront en aucun cas utilis\u00e9es \u00e0 d\u2019autres fins. autre que celui pour lequel elles ont \u00e9t\u00e9 collect\u00e9es ou avec le consentement de la personne concern\u00e9e.<\/p>\n<h2><strong>Avec qui vos donn\u00e9es sont partag\u00e9es<\/strong><\/h2>\n<p>Les donn\u00e9es collect\u00e9es sur ce site sont destin\u00e9es \u00e0 l\u2019usage exclusif de Epordouro.<\/p>\n<h2><strong>Combien de temps vos donn\u00e9es sont-elles conserv\u00e9es?<\/strong><\/h2>\n<p>Nous stockons vos donn\u00e9es aussi longtemps que n\u00e9cessaire pour fournir des informations ou des services de qualit\u00e9.<\/p>\n<h2><strong>Quels droits avez-vous sur vos donn\u00e9es<\/strong><\/h2>\n<p><strong><u>Droit d\u2019acc\u00e8s<\/u><\/strong><\/p>\n<p>Vous avez le droit de confirmer que vos donn\u00e9es personnelles sont en cours de traitement et, le cas \u00e9ch\u00e9ant, d\u2019obtenir une copie de ces donn\u00e9es et des informations compl\u00e8tes sur le traitement.<\/p>\n<p><strong><u>Droit de rectification<\/u><\/strong><\/p>\n<p>Vous avez le droit de corriger les erreurs, de modifier les donn\u00e9es qui pourraient \u00eatre inexactes ou incompl\u00e8tes et de vous assurer que les informations trait\u00e9es sont correctes<\/p>\n<p><strong><u>Droit de suppression<\/u><\/strong><\/p>\n<p>Vous avez le droit de supprimer vos donn\u00e9es sans retard indu si le traitement est ill\u00e9gal ou si le but du traitement ou de la collecte ne s\u2019applique plus.<\/p>\n<p><strong><u>Droit de restriction<\/u><\/strong><\/p>\n<p>Vous avez le droit de demander la suspension du traitement si ce traitement est ill\u00e9gal ou inappropri\u00e9.<\/p>\n<p><strong><u>Droit d\u2019opposition<\/u><\/strong><\/p>\n<p>Vous avez le droit de vous opposer au traitement de vos donn\u00e9es si le but du traitement est le marketing direct ou si le traitement doit \u00eatre interrompu pour des raisons li\u00e9es \u00e0 votre situation personnelle, \u00e0 moins que nous ne prouvions des raisons l\u00e9gitimes et convaincantes pour un traitement ult\u00e9rieur ou le traitement est n\u00e9cessaire pour faire valoir ou d\u00e9fendre des demandes l\u00e9gales.<\/p>\n<p><strong><u>Droit de ne pas \u00eatre soumis \u00e0 des d\u00e9cisions individuelles automatis\u00e9es<\/u><\/strong><\/p>\n<p>Vous avez le droit de ne pas \u00eatre soumis \u00e0 une d\u00e9cision reposant uniquement sur un traitement automatis\u00e9, y compris une caract\u00e9risation, produisant des effets juridiques qui vous affectent, \u00e0 moins que cela ne soit n\u00e9cessaire pour l\u2019ex\u00e9cution d\u2019un contrat, autoris\u00e9 par la loi ou fond\u00e9 sur votre consentement explicite. .<\/p>\n<p>Ces droits ne comprennent aucune donn\u00e9e personnelle devant \u00eatre conserv\u00e9e \u00e0 des fins administratives, juridiques ou de s\u00e9curit\u00e9.<\/p>\n<p><\/p>\n<h2><strong>O\u00f9 vos donn\u00e9es sont envoy\u00e9es<\/strong><\/h2>\n<p>Epordouro peut communiquer vos donn\u00e9es dans le but de se conformer \u00e0 des obligations l\u00e9gales, \u00e0 savoir aux autorit\u00e9s r\u00e9pressives, judiciaires, fiscales et r\u00e9glementaires.<\/p>\n<p><\/p>\n<h2><strong>La s\u00e9curit\u00e9<\/strong><\/h2>\n<p>Epordouro s\u2019engage \u00e0 assurer la protection de la s\u00e9curit\u00e9 des donn\u00e9es \u00e0 caract\u00e8re personnel mises \u00e0 sa disposition, apr\u00e8s avoir approuv\u00e9 et mis en \u0153uvre des r\u00e8gles strictes \u00e0 cet \u00e9gard. Le respect de ces r\u00e8gles est une obligation pour tous ceux qui y ont l\u00e9galement acc\u00e8s.<\/p>\n<p>Tenant compte de la pr\u00e9occupation et de l\u2019engagement manifest\u00e9s par Epordouro en mati\u00e8re de d\u00e9fense des donn\u00e9es personnelles, des mesures de s\u00e9curit\u00e9 techniques et organisationnelles ont \u00e9t\u00e9 prises pour prot\u00e9ger les donn\u00e9es personnelles mises \u00e0 sa disposition contre leur diffusion, perte, mauvaise utilisation, alt\u00e9ration. , traitement ou acc\u00e8s non autoris\u00e9, ainsi que contre toute autre forme de traitement illicite.<\/p>\n<p>L\u2019acc\u00e8s aux informations personnelles du client est limit\u00e9 aux employ\u00e9s qui ont un besoin l\u00e9gitime d\u2019entrer en contact avec ces informations afin de fournir des services au client dans l\u2019exercice de leurs fonctions.<\/p>\n<p>En outre, les tiers qui, dans le cadre de la prestation de services, traitent les donn\u00e9es \u00e0 caract\u00e8re personnel des clients pour le compte et pour le compte de Epordouro, sont tenus, par \u00e9crit, de prendre les mesures techniques et de s\u00e9curit\u00e9 appropri\u00e9es qui, \u00e0 tout moment, respecter les exigences du droit applicable et assurer la protection des droits de la personne concern\u00e9e (en particulier, la protection de la vie priv\u00e9e et des donn\u00e9es \u00e0 caract\u00e8re personnel des clients).<\/p>\n<p>En cons\u00e9quence, toute entit\u00e9 sous-trait\u00e9e par Epordouro traitera les donn\u00e9es personnelles de nos clients pour le compte et pour le compte de Epordouro et prendra les mesures techniques et organisationnelles n\u00e9cessaires pour prot\u00e9ger les donn\u00e9es personnelles contre la destruction accidentelle ou illicite, la perte accidentelle, la modification. , diffusion non autoris\u00e9e ou acc\u00e8s et contre toute autre forme de traitement ill\u00e9gal. Dans les deux cas, Epordouro reste responsable des donn\u00e9es personnelles mises \u00e0 votre disposition.<\/p>\n<p>Malgr\u00e9 les mesures de s\u00e9curit\u00e9 prises par Epordouro, nous invitons tous les internautes \u00e0 prendre des mesures de s\u00e9curit\u00e9 suppl\u00e9mentaires, notamment pour s\u2019assurer qu\u2019ils utilisent un ordinateur et un navigateur \u00e0 jour dot\u00e9s de correctifs de s\u00e9curit\u00e9 correctement configur\u00e9s avec pare-feu. antivirus et antispyware actif et assurez-vous que les sites Web que vous visitez sont authentiques et \u00e9vitez les sites Web auxquels vous ne faites pas confiance.<\/p>\n<p><\/p>\n<h2><strong>Informations de contact<\/strong><\/h2>\n<p>Pour toute information concernant notre politique de confidentialit\u00e9, exercer les droits sur vos donn\u00e9es ou vous opposer \u00e0 la r\u00e9ception de notre lettre d\u2019information, veuillez nous contacter par email \u00e0 geral@epordouro.com.<\/p>\n<p><\/p>\n<h2><strong>Comment se plaindre<\/strong><\/h2>\n<p>Sans pr\u00e9juger de la possibilit\u00e9 de d\u00e9poser une plainte directement aupr\u00e8s de Epordouro, vous pouvez adresser votre plainte directement \u00e0 l\u2019autorit\u00e9 de contr\u00f4le, la Commission nationale de la protection des donn\u00e9es (CNPD), via les contacts mis \u00e0 votre disposition \u00e0 cet effet.<\/p>\n<p><\/p>\n<h2><strong>Changements futurs \u00e0 cette politique de confidentialit\u00e9<\/strong><\/h2>\n<p>\u00c0 l\u2019avenir, vous devrez peut-\u00eatre mettre \u00e0 jour ou r\u00e9viser cette politique de confidentialit\u00e9. Epordouro se r\u00e9serve le droit de le faire \u00e0 tout moment et sans pr\u00e9avis en affichant la version r\u00e9vis\u00e9e sur www.epordouro.com<\/p>\n<p>Ces modifications entreront en vigueur \u00e0 compter du jour de leur publication et uniquement pour les informations personnelles collect\u00e9es apr\u00e8s la publication de la version r\u00e9vis\u00e9e.<\/p>\t\t\t\t\t\t\t\t<\/div>\n\t\t\t\t\t<\/div>\n\t\t<\/div>\n\t\t\t\t\t<\/div>\n\t\t<\/section>\n\t\t\t\t<\/div>\n\t\t","protected":false},"excerpt":{"rendered":"<p>Politique de Confidentialit\u00e9 Qui sommes nous Epordouro \u2013 Vinhos e Azeites do Douro, S.A., NIF 504026500, situe dans la Zona Industrial de Sabrosa, N\u00ba 21 5060-361 Sabrosa, ci-apr\u00e8s d\u00e9nomm\u00e9 Epordouro Notre adresse de site Web est: https:\/\/www.epordouro.com Vous pouvez nous contacter via les contacts: Email: geral@epordouro.com T\u00e9l\u00e9phone: +351 969 272 816 (Co\u00fbt d&rsquo;un appel vers [&hellip;]<\/p>\n","protected":false},"author":1,"featured_media":0,"parent":0,"menu_order":0,"comment_status":"closed","ping_status":"closed","template":"","meta":{"footnotes":""},"class_list":["post-1738","page","type-page","status-publish","hentry"],"_links":{"self":[{"href":"https:\/\/www.epordouro.com\/fr\/wp-json\/wp\/v2\/pages\/1738","targetHints":{"allow":["GET"]}}],"collection":[{"href":"https:\/\/www.epordouro.com\/fr\/wp-json\/wp\/v2\/pages"}],"about":[{"href":"https:\/\/www.epordouro.com\/fr\/wp-json\/wp\/v2\/types\/page"}],"author":[{"embeddable":true,"href":"https:\/\/www.epordouro.com\/fr\/wp-json\/wp\/v2\/users\/1"}],"replies":[{"embeddable":true,"href":"https:\/\/www.epordouro.com\/fr\/wp-json\/wp\/v2\/comments?post=1738"}],"version-history":[{"count":0,"href":"https:\/\/www.epordouro.com\/fr\/wp-json\/wp\/v2\/pages\/1738\/revisions"}],"wp:attachment":[{"href":"https:\/\/www.epordouro.com\/fr\/wp-json\/wp\/v2\/media?parent=1738"}],"curies":[{"name":"wp","href":"https:\/\/api.w.org\/{rel}","templated":true}]}}