{"id":1970,"date":"2020-08-12T16:43:56","date_gmt":"2020-08-13T15:43:52","guid":{"rendered":"https:\/\/bleamcreative.com\/epordouro\/produto\/solar-dos-dragos-pate-vert\/"},"modified":"2025-08-04T13:26:04","modified_gmt":"2025-08-04T12:26:04","slug":"pate-dolives-vertes","status":"publish","type":"product","link":"https:\/\/www.epordouro.com\/fr\/produit\/pate-dolives-vertes\/","title":{"rendered":"P\u00e2te d&rsquo;olives vertes"},"content":{"rendered":"","protected":false},"excerpt":{"rendered":"<p>Les olives, apr\u00e8s avoir \u00e9t\u00e9 r\u00e9colt\u00e9es, sont soumises \u00e0 un processus de s\u00e9chage naturel dans des cuves con\u00e7ues \u00e0 cet effet. Elle est ensuite soumis \u00e0 un processus de s\u00e9lection manuelle, dans lequel les olives vertes et noires sont s\u00e9par\u00e9es. Apr\u00e8s ce processus, le processus de fabrication de la p\u00e2te d&rsquo;olive commence, au cours duquel les \u00e9pices sont ajout\u00e9es, ainsi que l&rsquo;huile d&rsquo;olive extra vierge de la marque Solar dos Dragos, ce qui lui donne une combinaison harmonieuse de saveur verte, fra\u00eeche et d&rsquo;olive. .<\/p>\n<p>L&rsquo;ensemble du processus de production est r\u00e9alis\u00e9 \u00e0 froid et dans le respect de toutes les normes d&rsquo;hygi\u00e8ne et de qualit\u00e9 en vigueur. Les olives sont produites conform\u00e9ment \u00e0 la norme NP3034 et Codex Alimentarius pour les olives de table, actuellement en vigueur.<\/p>\n","protected":false},"featured_media":2222,"template":"","meta":[],"product_brand":[],"product_cat":[359],"product_tag":[422],"class_list":{"0":"post-1970","1":"product","2":"type-product","3":"status-publish","4":"has-post-thumbnail","6":"product_cat-pates-fr","7":"product_tag-solar-dos-dragos-fr","9":"first","10":"instock","11":"taxable","12":"shipping-taxable","13":"product-type-simple"},"_links":{"self":[{"href":"https:\/\/www.epordouro.com\/fr\/wp-json\/wp\/v2\/product\/1970","targetHints":{"allow":["GET"]}}],"collection":[{"href":"https:\/\/www.epordouro.com\/fr\/wp-json\/wp\/v2\/product"}],"about":[{"href":"https:\/\/www.epordouro.com\/fr\/wp-json\/wp\/v2\/types\/product"}],"version-history":[{"count":0,"href":"https:\/\/www.epordouro.com\/fr\/wp-json\/wp\/v2\/product\/1970\/revisions"}],"wp:featuredmedia":[{"embeddable":true,"href":"https:\/\/www.epordouro.com\/fr\/wp-json\/wp\/v2\/media\/2222"}],"wp:attachment":[{"href":"https:\/\/www.epordouro.com\/fr\/wp-json\/wp\/v2\/media?parent=1970"}],"wp:term":[{"taxonomy":"product_brand","embeddable":true,"href":"https:\/\/www.epordouro.com\/fr\/wp-json\/wp\/v2\/product_brand?post=1970"},{"taxonomy":"product_cat","embeddable":true,"href":"https:\/\/www.epordouro.com\/fr\/wp-json\/wp\/v2\/product_cat?post=1970"},{"taxonomy":"product_tag","embeddable":true,"href":"https:\/\/www.epordouro.com\/fr\/wp-json\/wp\/v2\/product_tag?post=1970"}],"curies":[{"name":"wp","href":"https:\/\/api.w.org\/{rel}","templated":true}]}}