{"id":1976,"date":"2020-08-10T11:09:07","date_gmt":"2020-08-10T10:09:07","guid":{"rendered":"https:\/\/bleamcreative.com\/epordouro\/produto\/solar-dos-dragos-classique\/"},"modified":"2025-08-04T13:26:00","modified_gmt":"2025-08-04T12:26:00","slug":"solar-dos-dragos-classique","status":"publish","type":"product","link":"https:\/\/www.epordouro.com\/fr\/produit\/solar-dos-dragos-classique\/","title":{"rendered":"Solar dos Dragos Classique"},"content":{"rendered":"","protected":false},"excerpt":{"rendered":"<p>Cette huile d&rsquo;olive classique a \u00e9t\u00e9 obtenue \u00e0 partir de notre oliveraie traditionnelle. Il est typique de la vall\u00e9e du Douro qui entoure les vignobles, servant de compl\u00e9ment au vin.<\/p>\n","protected":false},"featured_media":6334,"template":"","meta":[],"product_brand":[],"product_cat":[121],"product_tag":[116,422],"class_list":{"0":"post-1976","1":"product","2":"type-product","3":"status-publish","4":"has-post-thumbnail","6":"product_cat-huile-dolive","7":"product_tag-extra-vierge","8":"product_tag-solar-dos-dragos-fr","10":"first","11":"instock","12":"taxable","13":"shipping-taxable","14":"product-type-variable"},"_links":{"self":[{"href":"https:\/\/www.epordouro.com\/fr\/wp-json\/wp\/v2\/product\/1976","targetHints":{"allow":["GET"]}}],"collection":[{"href":"https:\/\/www.epordouro.com\/fr\/wp-json\/wp\/v2\/product"}],"about":[{"href":"https:\/\/www.epordouro.com\/fr\/wp-json\/wp\/v2\/types\/product"}],"version-history":[{"count":0,"href":"https:\/\/www.epordouro.com\/fr\/wp-json\/wp\/v2\/product\/1976\/revisions"}],"wp:featuredmedia":[{"embeddable":true,"href":"https:\/\/www.epordouro.com\/fr\/wp-json\/wp\/v2\/media\/6334"}],"wp:attachment":[{"href":"https:\/\/www.epordouro.com\/fr\/wp-json\/wp\/v2\/media?parent=1976"}],"wp:term":[{"taxonomy":"product_brand","embeddable":true,"href":"https:\/\/www.epordouro.com\/fr\/wp-json\/wp\/v2\/product_brand?post=1976"},{"taxonomy":"product_cat","embeddable":true,"href":"https:\/\/www.epordouro.com\/fr\/wp-json\/wp\/v2\/product_cat?post=1976"},{"taxonomy":"product_tag","embeddable":true,"href":"https:\/\/www.epordouro.com\/fr\/wp-json\/wp\/v2\/product_tag?post=1976"}],"curies":[{"name":"wp","href":"https:\/\/api.w.org\/{rel}","templated":true}]}}