{"id":1979,"date":"2021-05-20T14:49:30","date_gmt":"2020-08-13T15:45:26","guid":{"rendered":"https:\/\/bleamcreative.com\/epordouro\/produto\/roble-blanc\/"},"modified":"2025-08-04T13:28:02","modified_gmt":"2025-08-04T12:28:02","slug":"roble-blanc","status":"publish","type":"product","link":"https:\/\/www.epordouro.com\/fr\/produit\/roble-blanc\/","title":{"rendered":"Roble Blanc"},"content":{"rendered":"","protected":false},"excerpt":{"rendered":"<p>Roble DOC Branco est un vin des vignobles les plus hauts et les plus frais o\u00f9 pr\u00e9dominent les vari\u00e9t\u00e9s traditionnelles du Douro, Rabigato, Gouveio et Viosinho, ainsi que Malvasia Fina, en utilisant les techniques de vinification les plus modernes.<\/p>\n","protected":false},"featured_media":5387,"template":"","meta":[],"product_brand":[],"product_cat":[123,124],"product_tag":[115,424],"class_list":{"0":"post-1979","1":"product","2":"type-product","3":"status-publish","4":"has-post-thumbnail","6":"product_cat-vin","7":"product_cat-blanc","8":"product_tag-doc-douro-fr","9":"product_tag-roble-fr-2","11":"first","12":"instock","13":"taxable","14":"shipping-taxable","15":"product-type-simple"},"_links":{"self":[{"href":"https:\/\/www.epordouro.com\/fr\/wp-json\/wp\/v2\/product\/1979","targetHints":{"allow":["GET"]}}],"collection":[{"href":"https:\/\/www.epordouro.com\/fr\/wp-json\/wp\/v2\/product"}],"about":[{"href":"https:\/\/www.epordouro.com\/fr\/wp-json\/wp\/v2\/types\/product"}],"version-history":[{"count":0,"href":"https:\/\/www.epordouro.com\/fr\/wp-json\/wp\/v2\/product\/1979\/revisions"}],"wp:featuredmedia":[{"embeddable":true,"href":"https:\/\/www.epordouro.com\/fr\/wp-json\/wp\/v2\/media\/5387"}],"wp:attachment":[{"href":"https:\/\/www.epordouro.com\/fr\/wp-json\/wp\/v2\/media?parent=1979"}],"wp:term":[{"taxonomy":"product_brand","embeddable":true,"href":"https:\/\/www.epordouro.com\/fr\/wp-json\/wp\/v2\/product_brand?post=1979"},{"taxonomy":"product_cat","embeddable":true,"href":"https:\/\/www.epordouro.com\/fr\/wp-json\/wp\/v2\/product_cat?post=1979"},{"taxonomy":"product_tag","embeddable":true,"href":"https:\/\/www.epordouro.com\/fr\/wp-json\/wp\/v2\/product_tag?post=1979"}],"curies":[{"name":"wp","href":"https:\/\/api.w.org\/{rel}","templated":true}]}}