{"id":1985,"date":"2020-07-06T10:58:15","date_gmt":"2020-08-13T15:48:23","guid":{"rendered":"https:\/\/bleamcreative.com\/epordouro\/produto\/vale-romoes-blanc\/"},"modified":"2025-08-04T13:26:03","modified_gmt":"2025-08-04T12:26:03","slug":"vale-romoes-blanc","status":"publish","type":"product","link":"https:\/\/www.epordouro.com\/fr\/produit\/vale-romoes-blanc\/","title":{"rendered":"Vale Rom\u00f5es Blanc"},"content":{"rendered":"","protected":false},"excerpt":{"rendered":"<p>Le \u00a0\u00bb Vale Rom\u00f5es Branco \u00a0\u00bb provient des vignobles les plus hauts et les plus frais o\u00f9 pr\u00e9dominent des c\u00e9pages tels que Rabigato, Malvasia Fina, Viosinho et Moscatel Galego Branco. Vinification avec contr\u00f4le de temp\u00e9rature.<\/p>\n","protected":false},"featured_media":2195,"template":"","meta":[],"product_brand":[],"product_cat":[123,124],"product_tag":[115,423],"class_list":{"0":"post-1985","1":"product","2":"type-product","3":"status-publish","4":"has-post-thumbnail","6":"product_cat-vin","7":"product_cat-blanc","8":"product_tag-doc-douro-fr","9":"product_tag-vale-romoes-fr","11":"first","12":"instock","13":"taxable","14":"shipping-taxable","15":"product-type-simple"},"_links":{"self":[{"href":"https:\/\/www.epordouro.com\/fr\/wp-json\/wp\/v2\/product\/1985","targetHints":{"allow":["GET"]}}],"collection":[{"href":"https:\/\/www.epordouro.com\/fr\/wp-json\/wp\/v2\/product"}],"about":[{"href":"https:\/\/www.epordouro.com\/fr\/wp-json\/wp\/v2\/types\/product"}],"version-history":[{"count":0,"href":"https:\/\/www.epordouro.com\/fr\/wp-json\/wp\/v2\/product\/1985\/revisions"}],"wp:featuredmedia":[{"embeddable":true,"href":"https:\/\/www.epordouro.com\/fr\/wp-json\/wp\/v2\/media\/2195"}],"wp:attachment":[{"href":"https:\/\/www.epordouro.com\/fr\/wp-json\/wp\/v2\/media?parent=1985"}],"wp:term":[{"taxonomy":"product_brand","embeddable":true,"href":"https:\/\/www.epordouro.com\/fr\/wp-json\/wp\/v2\/product_brand?post=1985"},{"taxonomy":"product_cat","embeddable":true,"href":"https:\/\/www.epordouro.com\/fr\/wp-json\/wp\/v2\/product_cat?post=1985"},{"taxonomy":"product_tag","embeddable":true,"href":"https:\/\/www.epordouro.com\/fr\/wp-json\/wp\/v2\/product_tag?post=1985"}],"curies":[{"name":"wp","href":"https:\/\/api.w.org\/{rel}","templated":true}]}}