{"id":1988,"date":"2020-07-06T10:58:14","date_gmt":"2020-08-13T15:51:28","guid":{"rendered":"https:\/\/bleamcreative.com\/epordouro\/produto\/vale-romoes-rouge\/"},"modified":"2025-08-04T13:26:00","modified_gmt":"2025-08-04T12:26:00","slug":"vale-romoes-rouge","status":"publish","type":"product","link":"https:\/\/www.epordouro.com\/fr\/produit\/vale-romoes-rouge\/","title":{"rendered":"Vale Rom\u00f5es Rouge"},"content":{"rendered":"","protected":false},"excerpt":{"rendered":"<p>Le \u00ab\u00a0Vale Rom\u00f5es Tinto\u00a0\u00bb est un vin issu d\u2019un vignoble s\u00e9lectionn\u00e9 parmi les c\u00e9pages traditionnels du Douro, en utilisant les techniques de vinification les plus modernes et avec une br\u00e8ve \u00e9tape en ch\u00eane.<\/p>\n","protected":false},"featured_media":2192,"template":"","meta":[],"product_brand":[],"product_cat":[123,126],"product_tag":[115,423],"class_list":{"0":"post-1988","1":"product","2":"type-product","3":"status-publish","4":"has-post-thumbnail","6":"product_cat-vin","7":"product_cat-rouge","8":"product_tag-doc-douro-fr","9":"product_tag-vale-romoes-fr","11":"first","12":"instock","13":"taxable","14":"shipping-taxable","15":"product-type-simple"},"_links":{"self":[{"href":"https:\/\/www.epordouro.com\/fr\/wp-json\/wp\/v2\/product\/1988","targetHints":{"allow":["GET"]}}],"collection":[{"href":"https:\/\/www.epordouro.com\/fr\/wp-json\/wp\/v2\/product"}],"about":[{"href":"https:\/\/www.epordouro.com\/fr\/wp-json\/wp\/v2\/types\/product"}],"version-history":[{"count":0,"href":"https:\/\/www.epordouro.com\/fr\/wp-json\/wp\/v2\/product\/1988\/revisions"}],"wp:featuredmedia":[{"embeddable":true,"href":"https:\/\/www.epordouro.com\/fr\/wp-json\/wp\/v2\/media\/2192"}],"wp:attachment":[{"href":"https:\/\/www.epordouro.com\/fr\/wp-json\/wp\/v2\/media?parent=1988"}],"wp:term":[{"taxonomy":"product_brand","embeddable":true,"href":"https:\/\/www.epordouro.com\/fr\/wp-json\/wp\/v2\/product_brand?post=1988"},{"taxonomy":"product_cat","embeddable":true,"href":"https:\/\/www.epordouro.com\/fr\/wp-json\/wp\/v2\/product_cat?post=1988"},{"taxonomy":"product_tag","embeddable":true,"href":"https:\/\/www.epordouro.com\/fr\/wp-json\/wp\/v2\/product_tag?post=1988"}],"curies":[{"name":"wp","href":"https:\/\/api.w.org\/{rel}","templated":true}]}}