{"id":1989,"date":"2021-05-20T14:50:14","date_gmt":"2020-08-13T15:53:30","guid":{"rendered":"https:\/\/bleamcreative.com\/epordouro\/produto\/roble-rouge\/"},"modified":"2025-08-04T13:27:59","modified_gmt":"2025-08-04T12:27:59","slug":"roble-rouge","status":"publish","type":"product","link":"https:\/\/www.epordouro.com\/fr\/produit\/roble-rouge\/","title":{"rendered":"Roble Rouge"},"content":{"rendered":"","protected":false},"excerpt":{"rendered":"<p>Le \u00ab\u00a0Roble Rouge\u00a0\u00bb est un vin issu d&rsquo;un vignoble s\u00e9lectionn\u00e9 parmi les c\u00e9pages traditionnels du Douro, avec une pr\u00e9dominance de Touriga Nacional et Touriga Franca, Tinta Roriz et Tinta Barroca, en utilisant les techniques de vinification les plus modernes et avec une br\u00e8ve \u00e9tape dans bois de ch\u00eane.<\/p>\n","protected":false},"featured_media":5390,"template":"","meta":[],"product_brand":[],"product_cat":[123,126],"product_tag":[115,424],"class_list":{"0":"post-1989","1":"product","2":"type-product","3":"status-publish","4":"has-post-thumbnail","6":"product_cat-vin","7":"product_cat-rouge","8":"product_tag-doc-douro-fr","9":"product_tag-roble-fr-2","11":"first","12":"instock","13":"taxable","14":"shipping-taxable","15":"product-type-simple"},"_links":{"self":[{"href":"https:\/\/www.epordouro.com\/fr\/wp-json\/wp\/v2\/product\/1989","targetHints":{"allow":["GET"]}}],"collection":[{"href":"https:\/\/www.epordouro.com\/fr\/wp-json\/wp\/v2\/product"}],"about":[{"href":"https:\/\/www.epordouro.com\/fr\/wp-json\/wp\/v2\/types\/product"}],"version-history":[{"count":0,"href":"https:\/\/www.epordouro.com\/fr\/wp-json\/wp\/v2\/product\/1989\/revisions"}],"wp:featuredmedia":[{"embeddable":true,"href":"https:\/\/www.epordouro.com\/fr\/wp-json\/wp\/v2\/media\/5390"}],"wp:attachment":[{"href":"https:\/\/www.epordouro.com\/fr\/wp-json\/wp\/v2\/media?parent=1989"}],"wp:term":[{"taxonomy":"product_brand","embeddable":true,"href":"https:\/\/www.epordouro.com\/fr\/wp-json\/wp\/v2\/product_brand?post=1989"},{"taxonomy":"product_cat","embeddable":true,"href":"https:\/\/www.epordouro.com\/fr\/wp-json\/wp\/v2\/product_cat?post=1989"},{"taxonomy":"product_tag","embeddable":true,"href":"https:\/\/www.epordouro.com\/fr\/wp-json\/wp\/v2\/product_tag?post=1989"}],"curies":[{"name":"wp","href":"https:\/\/api.w.org\/{rel}","templated":true}]}}