{"id":1995,"date":"2021-05-22T15:07:14","date_gmt":"2021-05-22T14:07:14","guid":{"rendered":"https:\/\/bleamcreative.com\/epordouro\/produto\/quinta-do-peto-rouge-grande-reserva\/"},"modified":"2025-08-04T13:30:57","modified_gmt":"2025-08-04T12:30:57","slug":"quinta-do-peto-grande-reserva-rouge","status":"publish","type":"product","link":"https:\/\/www.epordouro.com\/fr\/produit\/quinta-do-peto-grande-reserva-rouge\/","title":{"rendered":"Quinta do Peto Grande Reserva Rouge"},"content":{"rendered":"","protected":false},"excerpt":{"rendered":"<p>Quinta do Peto est situ\u00e9 dans le petit village de Sanradela, sous-r\u00e9gion de cima corgo, \u00e0 une altitude de 500 m\u00e8tres. Dans ce terroir nous produisons des vins frais, complexes, tr\u00e8s gastronomiques et avec un grand potentiel de garde.<\/p>\n","protected":false},"featured_media":6825,"template":"","meta":[],"product_brand":[],"product_cat":[123,126],"product_tag":[118,419],"class_list":{"0":"post-1995","1":"product","2":"type-product","3":"status-publish","4":"has-post-thumbnail","6":"product_cat-vin","7":"product_cat-rouge","8":"product_tag-grand-reserva","9":"product_tag-quinta-do-peto-fr","11":"first","12":"instock","13":"taxable","14":"shipping-taxable","15":"product-type-variable"},"_links":{"self":[{"href":"https:\/\/www.epordouro.com\/fr\/wp-json\/wp\/v2\/product\/1995","targetHints":{"allow":["GET"]}}],"collection":[{"href":"https:\/\/www.epordouro.com\/fr\/wp-json\/wp\/v2\/product"}],"about":[{"href":"https:\/\/www.epordouro.com\/fr\/wp-json\/wp\/v2\/types\/product"}],"version-history":[{"count":0,"href":"https:\/\/www.epordouro.com\/fr\/wp-json\/wp\/v2\/product\/1995\/revisions"}],"wp:featuredmedia":[{"embeddable":true,"href":"https:\/\/www.epordouro.com\/fr\/wp-json\/wp\/v2\/media\/6825"}],"wp:attachment":[{"href":"https:\/\/www.epordouro.com\/fr\/wp-json\/wp\/v2\/media?parent=1995"}],"wp:term":[{"taxonomy":"product_brand","embeddable":true,"href":"https:\/\/www.epordouro.com\/fr\/wp-json\/wp\/v2\/product_brand?post=1995"},{"taxonomy":"product_cat","embeddable":true,"href":"https:\/\/www.epordouro.com\/fr\/wp-json\/wp\/v2\/product_cat?post=1995"},{"taxonomy":"product_tag","embeddable":true,"href":"https:\/\/www.epordouro.com\/fr\/wp-json\/wp\/v2\/product_tag?post=1995"}],"curies":[{"name":"wp","href":"https:\/\/api.w.org\/{rel}","templated":true}]}}