{"id":5069,"date":"2020-12-07T15:55:35","date_gmt":"2020-12-07T17:14:43","guid":{"rendered":"https:\/\/www.epordouro.com\/produto\/solar-dos-dragos-gamme-complete\/"},"modified":"2021-01-01T00:01:17","modified_gmt":"2021-01-01T00:01:17","slug":"solar-dos-dragos-gamme-complete","status":"publish","type":"product","link":"https:\/\/www.epordouro.com\/fr\/produit\/solar-dos-dragos-gamme-complete\/","title":{"rendered":"Solar dos Dragos &#8211; Gamme compl\u00e8te"},"content":{"rendered":"","protected":false},"excerpt":{"rendered":"<p>Ce No\u00ebl, offrez un cadeau premium, avec une s\u00e9lection de certains des produits Epordouro les plus exquis, la gamme compl\u00e8te Solar dos Dragos:<\/p>\n<ul>\n<li>Vin blanc premium &#8211; 750ml<\/li>\n<li>Vin rouge premium &#8211; 750ml<\/li>\n<li>Vin rouge 100% touriga nacional &#8211; 750ml<\/li>\n<li>Vin ros\u00e9 premium &#8211; 750ml<\/li>\n<li>Huile d&rsquo;olive extra vierge classique &#8211; 750ml<\/li>\n<li>Olives d\u00e9noyaut\u00e9es \u00e0 l&rsquo;huile d&rsquo;olive &#8211; 300g<\/li>\n<li>P\u00e2te d&rsquo;olive verte &#8211; 100g<\/li>\n<li>P\u00e2te d&rsquo;olive noire &#8211; 100g<\/li>\n<\/ul>\n<p>&nbsp;<\/p>\n<p>15% de r\u00e9duction jusqu&rsquo;au 31 d\u00e9cembre 2020.<\/p>\n","protected":false},"featured_media":5065,"template":"","meta":[],"product_brand":[],"product_cat":[122],"product_tag":[],"class_list":{"0":"post-5069","1":"product","2":"type-product","3":"status-publish","4":"has-post-thumbnail","6":"product_cat-divers","8":"first","9":"instock","10":"taxable","11":"shipping-taxable","12":"product-type-simple"},"_links":{"self":[{"href":"https:\/\/www.epordouro.com\/fr\/wp-json\/wp\/v2\/product\/5069","targetHints":{"allow":["GET"]}}],"collection":[{"href":"https:\/\/www.epordouro.com\/fr\/wp-json\/wp\/v2\/product"}],"about":[{"href":"https:\/\/www.epordouro.com\/fr\/wp-json\/wp\/v2\/types\/product"}],"version-history":[{"count":0,"href":"https:\/\/www.epordouro.com\/fr\/wp-json\/wp\/v2\/product\/5069\/revisions"}],"wp:featuredmedia":[{"embeddable":true,"href":"https:\/\/www.epordouro.com\/fr\/wp-json\/wp\/v2\/media\/5065"}],"wp:attachment":[{"href":"https:\/\/www.epordouro.com\/fr\/wp-json\/wp\/v2\/media?parent=5069"}],"wp:term":[{"taxonomy":"product_brand","embeddable":true,"href":"https:\/\/www.epordouro.com\/fr\/wp-json\/wp\/v2\/product_brand?post=5069"},{"taxonomy":"product_cat","embeddable":true,"href":"https:\/\/www.epordouro.com\/fr\/wp-json\/wp\/v2\/product_cat?post=5069"},{"taxonomy":"product_tag","embeddable":true,"href":"https:\/\/www.epordouro.com\/fr\/wp-json\/wp\/v2\/product_tag?post=5069"}],"curies":[{"name":"wp","href":"https:\/\/api.w.org\/{rel}","templated":true}]}}