{"id":5607,"date":"2021-10-05T14:00:11","date_gmt":"2021-10-29T10:32:33","guid":{"rendered":"https:\/\/www.epordouro.com\/produto\/solar-dos-dragos-grande-reserva-tinto-cao\/"},"modified":"2025-08-04T13:31:08","modified_gmt":"2025-08-04T12:31:08","slug":"solar-dos-dragos-tinto-cao","status":"publish","type":"product","link":"https:\/\/www.epordouro.com\/fr\/produit\/solar-dos-dragos-tinto-cao\/","title":{"rendered":"Solar dos Dragos Grande Reserva Tinto C\u00e3o"},"content":{"rendered":"","protected":false},"excerpt":{"rendered":"<p>Des caves Epordouro vient le tr\u00e8s attendu Solar dos Dragos Grande Reserva, Tinto C\u00e3o. Une \u00e9dition limite captivante qui vieillit \u00e0 vous tous.<\/p>\n<p>L&rsquo;origine du nom de ce vin est un ancien manoir, situ\u00e9 \u00e0 Cab\u00eada et fond\u00e9 au 15\u00e8me si\u00e8cle, qui appartenait \u00e0 une noble famille de vignerons nomm\u00e9e \u00abDragos\u00bb. Le lien de ce b\u00e2timent imposant avec la production de vin est historique. Il n\u2019en reste que des ruines \u2026<\/p>\n","protected":false},"featured_media":5511,"template":"","meta":[],"product_brand":[],"product_cat":[123,126],"product_tag":[118,422],"class_list":{"0":"post-5607","1":"product","2":"type-product","3":"status-publish","4":"has-post-thumbnail","6":"product_cat-vin","7":"product_cat-rouge","8":"product_tag-grand-reserva","9":"product_tag-solar-dos-dragos-fr","11":"first","12":"instock","13":"taxable","14":"shipping-taxable","15":"product-type-simple"},"_links":{"self":[{"href":"https:\/\/www.epordouro.com\/fr\/wp-json\/wp\/v2\/product\/5607","targetHints":{"allow":["GET"]}}],"collection":[{"href":"https:\/\/www.epordouro.com\/fr\/wp-json\/wp\/v2\/product"}],"about":[{"href":"https:\/\/www.epordouro.com\/fr\/wp-json\/wp\/v2\/types\/product"}],"version-history":[{"count":0,"href":"https:\/\/www.epordouro.com\/fr\/wp-json\/wp\/v2\/product\/5607\/revisions"}],"wp:featuredmedia":[{"embeddable":true,"href":"https:\/\/www.epordouro.com\/fr\/wp-json\/wp\/v2\/media\/5511"}],"wp:attachment":[{"href":"https:\/\/www.epordouro.com\/fr\/wp-json\/wp\/v2\/media?parent=5607"}],"wp:term":[{"taxonomy":"product_brand","embeddable":true,"href":"https:\/\/www.epordouro.com\/fr\/wp-json\/wp\/v2\/product_brand?post=5607"},{"taxonomy":"product_cat","embeddable":true,"href":"https:\/\/www.epordouro.com\/fr\/wp-json\/wp\/v2\/product_cat?post=5607"},{"taxonomy":"product_tag","embeddable":true,"href":"https:\/\/www.epordouro.com\/fr\/wp-json\/wp\/v2\/product_tag?post=5607"}],"curies":[{"name":"wp","href":"https:\/\/api.w.org\/{rel}","templated":true}]}}