{"id":6016,"date":"2022-04-28T08:59:44","date_gmt":"2022-04-28T07:59:44","guid":{"rendered":"https:\/\/www.epordouro.com\/produto\/solar-dos-dragos-20-ans\/"},"modified":"2025-08-04T13:30:58","modified_gmt":"2025-08-04T12:30:58","slug":"solar-dos-dragos-20-anos-2","status":"publish","type":"product","link":"https:\/\/www.epordouro.com\/fr\/produit\/solar-dos-dragos-20-anos-2\/","title":{"rendered":"Solar dos Dragos &#8211; 20 Ans"},"content":{"rendered":"","protected":false},"excerpt":{"rendered":"<p>La rive droite du fleuve Douro, dans la r\u00e9gion de Cima Corgo, a toujours donn\u00e9 naissance \u00e0 d&rsquo;excellents vins. C&rsquo;est dans cet environnement d&rsquo;une grande beaut\u00e9 naturelle, class\u00e9 au patrimoine mondial de l&rsquo;UNESCO, que sont \u00e9labor\u00e9s des vins alliant qualit\u00e9 et patrimoine, dont font partie les monuments pombalins de la plus ancienne r\u00e9gion d\u00e9limit\u00e9e du monde (1756).<\/p>\n","protected":false},"featured_media":6689,"template":"","meta":[],"product_brand":[],"product_cat":[395,123],"product_tag":[422],"class_list":{"0":"post-6016","1":"product","2":"type-product","3":"status-publish","4":"has-post-thumbnail","6":"product_cat-porto-fr","7":"product_cat-vin","8":"product_tag-solar-dos-dragos-fr","10":"first","11":"instock","12":"taxable","13":"shipping-taxable","14":"product-type-simple"},"_links":{"self":[{"href":"https:\/\/www.epordouro.com\/fr\/wp-json\/wp\/v2\/product\/6016","targetHints":{"allow":["GET"]}}],"collection":[{"href":"https:\/\/www.epordouro.com\/fr\/wp-json\/wp\/v2\/product"}],"about":[{"href":"https:\/\/www.epordouro.com\/fr\/wp-json\/wp\/v2\/types\/product"}],"version-history":[{"count":0,"href":"https:\/\/www.epordouro.com\/fr\/wp-json\/wp\/v2\/product\/6016\/revisions"}],"wp:featuredmedia":[{"embeddable":true,"href":"https:\/\/www.epordouro.com\/fr\/wp-json\/wp\/v2\/media\/6689"}],"wp:attachment":[{"href":"https:\/\/www.epordouro.com\/fr\/wp-json\/wp\/v2\/media?parent=6016"}],"wp:term":[{"taxonomy":"product_brand","embeddable":true,"href":"https:\/\/www.epordouro.com\/fr\/wp-json\/wp\/v2\/product_brand?post=6016"},{"taxonomy":"product_cat","embeddable":true,"href":"https:\/\/www.epordouro.com\/fr\/wp-json\/wp\/v2\/product_cat?post=6016"},{"taxonomy":"product_tag","embeddable":true,"href":"https:\/\/www.epordouro.com\/fr\/wp-json\/wp\/v2\/product_tag?post=6016"}],"curies":[{"name":"wp","href":"https:\/\/api.w.org\/{rel}","templated":true}]}}