{"id":6020,"date":"2022-04-28T08:58:00","date_gmt":"2022-04-28T07:58:00","guid":{"rendered":"https:\/\/www.epordouro.com\/produto\/solar-dos-dragos-10-ans\/"},"modified":"2026-04-24T16:37:57","modified_gmt":"2026-04-24T15:37:57","slug":"solar-dos-dragos-10-anos-2","status":"publish","type":"product","link":"https:\/\/www.epordouro.com\/fr\/produit\/solar-dos-dragos-10-anos-2\/","title":{"rendered":"Solar dos Dragos Porto Tawny Reserva 10 Anos"},"content":{"rendered":"","protected":false},"excerpt":{"rendered":"<p>La rive droite du fleuve Douro, dans la r\u00e9gion de Cima Corgo, a toujours donn\u00e9 naissance \u00e0 d&rsquo;excellents vins. C&rsquo;est dans cet environnement d&rsquo;une grande beaut\u00e9 naturelle, class\u00e9 au patrimoine mondial de l&rsquo;UNESCO, que sont \u00e9labor\u00e9s des vins alliant qualit\u00e9 et patrimoine, dont font partie les monuments pombalins de la plus ancienne r\u00e9gion d\u00e9limit\u00e9e du monde (1756).<\/p>\n","protected":false},"featured_media":6692,"template":"","meta":[],"product_brand":[],"product_cat":[395,123],"product_tag":[422],"class_list":{"0":"post-6020","1":"product","2":"type-product","3":"status-publish","4":"has-post-thumbnail","6":"product_cat-porto-fr","7":"product_cat-vin","8":"product_tag-solar-dos-dragos-fr","10":"first","11":"instock","12":"taxable","13":"shipping-taxable","14":"product-type-simple"},"_links":{"self":[{"href":"https:\/\/www.epordouro.com\/fr\/wp-json\/wp\/v2\/product\/6020","targetHints":{"allow":["GET"]}}],"collection":[{"href":"https:\/\/www.epordouro.com\/fr\/wp-json\/wp\/v2\/product"}],"about":[{"href":"https:\/\/www.epordouro.com\/fr\/wp-json\/wp\/v2\/types\/product"}],"version-history":[{"count":1,"href":"https:\/\/www.epordouro.com\/fr\/wp-json\/wp\/v2\/product\/6020\/revisions"}],"predecessor-version":[{"id":6846,"href":"https:\/\/www.epordouro.com\/fr\/wp-json\/wp\/v2\/product\/6020\/revisions\/6846"}],"wp:featuredmedia":[{"embeddable":true,"href":"https:\/\/www.epordouro.com\/fr\/wp-json\/wp\/v2\/media\/6692"}],"wp:attachment":[{"href":"https:\/\/www.epordouro.com\/fr\/wp-json\/wp\/v2\/media?parent=6020"}],"wp:term":[{"taxonomy":"product_brand","embeddable":true,"href":"https:\/\/www.epordouro.com\/fr\/wp-json\/wp\/v2\/product_brand?post=6020"},{"taxonomy":"product_cat","embeddable":true,"href":"https:\/\/www.epordouro.com\/fr\/wp-json\/wp\/v2\/product_cat?post=6020"},{"taxonomy":"product_tag","embeddable":true,"href":"https:\/\/www.epordouro.com\/fr\/wp-json\/wp\/v2\/product_tag?post=6020"}],"curies":[{"name":"wp","href":"https:\/\/api.w.org\/{rel}","templated":true}]}}