{"id":6021,"date":"2021-05-20T14:48:32","date_gmt":"2022-04-29T09:53:54","guid":{"rendered":"https:\/\/www.epordouro.com\/produto\/roble-rose\/"},"modified":"2025-08-04T13:28:01","modified_gmt":"2025-08-04T12:28:01","slug":"roble-rose-2","status":"publish","type":"product","link":"https:\/\/www.epordouro.com\/fr\/produit\/roble-rose-2\/","title":{"rendered":"Roble Ros\u00e9"},"content":{"rendered":"","protected":false},"excerpt":{"rendered":"<p>Roble DOC Ros\u00e9 est un vin issu des vignobles les plus hauts et les plus frais o\u00f9 pr\u00e9dominent les vari\u00e9t\u00e9s traditionnelles du Douro Touriga Nacional, Tinta Roriz et Tinto C\u00e3o, utilisant les techniques de vinification les plus modernes.<\/p>\n","protected":false},"featured_media":5675,"template":"","meta":[],"product_brand":[],"product_cat":[123,125],"product_tag":[115,424],"class_list":{"0":"post-6021","1":"product","2":"type-product","3":"status-publish","4":"has-post-thumbnail","6":"product_cat-vin","7":"product_cat-rose-fr","8":"product_tag-doc-douro-fr","9":"product_tag-roble-fr-2","11":"first","12":"instock","13":"taxable","14":"shipping-taxable","15":"product-type-simple"},"_links":{"self":[{"href":"https:\/\/www.epordouro.com\/fr\/wp-json\/wp\/v2\/product\/6021","targetHints":{"allow":["GET"]}}],"collection":[{"href":"https:\/\/www.epordouro.com\/fr\/wp-json\/wp\/v2\/product"}],"about":[{"href":"https:\/\/www.epordouro.com\/fr\/wp-json\/wp\/v2\/types\/product"}],"version-history":[{"count":0,"href":"https:\/\/www.epordouro.com\/fr\/wp-json\/wp\/v2\/product\/6021\/revisions"}],"wp:featuredmedia":[{"embeddable":true,"href":"https:\/\/www.epordouro.com\/fr\/wp-json\/wp\/v2\/media\/5675"}],"wp:attachment":[{"href":"https:\/\/www.epordouro.com\/fr\/wp-json\/wp\/v2\/media?parent=6021"}],"wp:term":[{"taxonomy":"product_brand","embeddable":true,"href":"https:\/\/www.epordouro.com\/fr\/wp-json\/wp\/v2\/product_brand?post=6021"},{"taxonomy":"product_cat","embeddable":true,"href":"https:\/\/www.epordouro.com\/fr\/wp-json\/wp\/v2\/product_cat?post=6021"},{"taxonomy":"product_tag","embeddable":true,"href":"https:\/\/www.epordouro.com\/fr\/wp-json\/wp\/v2\/product_tag?post=6021"}],"curies":[{"name":"wp","href":"https:\/\/api.w.org\/{rel}","templated":true}]}}