{"id":6645,"date":"2026-02-18T18:07:00","date_gmt":"2026-02-18T18:07:00","guid":{"rendered":"https:\/\/www.epordouro.com\/?post_type=product&#038;p=6645"},"modified":"2026-02-18T18:07:54","modified_gmt":"2026-02-18T18:07:54","slug":"solar-dos-dragos-grande-reserva-tinto","status":"publish","type":"product","link":"https:\/\/www.epordouro.com\/fr\/produit\/solar-dos-dragos-grande-reserva-tinto\/","title":{"rendered":"Solar dos Dragos Grande Reserva Tinto"},"content":{"rendered":"","protected":false},"excerpt":{"rendered":"<p>A origem do nome deste vinho \u00e9 um antigo solar, localizado em Cab\u00eada e fundado no s\u00e9culo XV, que pertenceu a uma fam\u00edlia fidalga de viticultores de nome \u201cDragos\u201d. A liga\u00e7\u00e3o deste imponente edif\u00edcio \u00e0 produ\u00e7\u00e3o de vinho \u00e9 hist\u00f3rica. Dele s\u00f3 restam ru\u00ednas\u2026<\/p>\n","protected":false},"featured_media":6646,"template":"","meta":[],"product_brand":[],"product_cat":[21,22],"product_tag":[23,406],"class_list":{"0":"post-6645","1":"product","2":"type-product","3":"status-publish","4":"has-post-thumbnail","6":"product_cat-vinho","7":"product_cat-tinto","8":"product_tag-doc-douro","9":"product_tag-solar-dos-dragos","11":"first","12":"instock","13":"taxable","14":"shipping-taxable","15":"product-type-simple"},"_links":{"self":[{"href":"https:\/\/www.epordouro.com\/fr\/wp-json\/wp\/v2\/product\/6645","targetHints":{"allow":["GET"]}}],"collection":[{"href":"https:\/\/www.epordouro.com\/fr\/wp-json\/wp\/v2\/product"}],"about":[{"href":"https:\/\/www.epordouro.com\/fr\/wp-json\/wp\/v2\/types\/product"}],"version-history":[{"count":0,"href":"https:\/\/www.epordouro.com\/fr\/wp-json\/wp\/v2\/product\/6645\/revisions"}],"wp:featuredmedia":[{"embeddable":true,"href":"https:\/\/www.epordouro.com\/fr\/wp-json\/wp\/v2\/media\/6646"}],"wp:attachment":[{"href":"https:\/\/www.epordouro.com\/fr\/wp-json\/wp\/v2\/media?parent=6645"}],"wp:term":[{"taxonomy":"product_brand","embeddable":true,"href":"https:\/\/www.epordouro.com\/fr\/wp-json\/wp\/v2\/product_brand?post=6645"},{"taxonomy":"product_cat","embeddable":true,"href":"https:\/\/www.epordouro.com\/fr\/wp-json\/wp\/v2\/product_cat?post=6645"},{"taxonomy":"product_tag","embeddable":true,"href":"https:\/\/www.epordouro.com\/fr\/wp-json\/wp\/v2\/product_tag?post=6645"}],"curies":[{"name":"wp","href":"https:\/\/api.w.org\/{rel}","templated":true}]}}