{"id":6788,"date":"2021-05-22T15:03:57","date_gmt":"2021-05-22T14:03:57","guid":{"rendered":"https:\/\/www.epordouro.com\/produto\/solar-dos-dragos-viosinho-reserva\/"},"modified":"2026-03-27T19:07:44","modified_gmt":"2026-03-27T19:07:44","slug":"solar-dos-dragos-viosinho-reserva","status":"publish","type":"product","link":"https:\/\/www.epordouro.com\/fr\/produit\/solar-dos-dragos-viosinho-reserva\/","title":{"rendered":"Solar dos Dragos Viosinho Reserva"},"content":{"rendered":"","protected":false},"excerpt":{"rendered":"<p>L&rsquo;origine du nom de ce vin provient d&rsquo;un ancien manoir situ\u00e9 \u00e0 Cab\u00eada et fond\u00e9 au XVe si\u00e8cle, qui appartenait \u00e0 une famille noble de vignerons du nom de \u00ab Dragos \u00bb. Le lien entre cet imposant \u00e9difice et la production de vin est historique. Il n\u2019en reste que des ruines \u2026<\/p>\n","protected":false},"featured_media":6774,"template":"","meta":[],"product_brand":[],"product_cat":[123,124],"product_tag":[115,422],"class_list":{"0":"post-6788","1":"product","2":"type-product","3":"status-publish","4":"has-post-thumbnail","6":"product_cat-vin","7":"product_cat-blanc","8":"product_tag-doc-douro-fr","9":"product_tag-solar-dos-dragos-fr","11":"first","12":"instock","13":"taxable","14":"shipping-taxable","15":"product-type-simple"},"_links":{"self":[{"href":"https:\/\/www.epordouro.com\/fr\/wp-json\/wp\/v2\/product\/6788","targetHints":{"allow":["GET"]}}],"collection":[{"href":"https:\/\/www.epordouro.com\/fr\/wp-json\/wp\/v2\/product"}],"about":[{"href":"https:\/\/www.epordouro.com\/fr\/wp-json\/wp\/v2\/types\/product"}],"version-history":[{"count":1,"href":"https:\/\/www.epordouro.com\/fr\/wp-json\/wp\/v2\/product\/6788\/revisions"}],"predecessor-version":[{"id":6790,"href":"https:\/\/www.epordouro.com\/fr\/wp-json\/wp\/v2\/product\/6788\/revisions\/6790"}],"wp:featuredmedia":[{"embeddable":true,"href":"https:\/\/www.epordouro.com\/fr\/wp-json\/wp\/v2\/media\/6774"}],"wp:attachment":[{"href":"https:\/\/www.epordouro.com\/fr\/wp-json\/wp\/v2\/media?parent=6788"}],"wp:term":[{"taxonomy":"product_brand","embeddable":true,"href":"https:\/\/www.epordouro.com\/fr\/wp-json\/wp\/v2\/product_brand?post=6788"},{"taxonomy":"product_cat","embeddable":true,"href":"https:\/\/www.epordouro.com\/fr\/wp-json\/wp\/v2\/product_cat?post=6788"},{"taxonomy":"product_tag","embeddable":true,"href":"https:\/\/www.epordouro.com\/fr\/wp-json\/wp\/v2\/product_tag?post=6788"}],"curies":[{"name":"wp","href":"https:\/\/api.w.org\/{rel}","templated":true}]}}